{"id":15655,"date":"2025-03-25T18:36:54","date_gmt":"2025-03-25T18:36:54","guid":{"rendered":"https:\/\/www.tortis-snacks.com\/?post_type=product&#038;p=15655"},"modified":"2025-03-25T18:59:13","modified_gmt":"2025-03-25T18:59:13","slug":"jar-sweet-chili","status":"publish","type":"product","link":"https:\/\/www.tortis-snacks.com\/?product=jar-sweet-chili","title":{"rendered":"Jar Sweet Chili"},"content":{"rendered":"","protected":false},"excerpt":{"rendered":"<p><strong>Peso:<\/strong>\u00a0450 g<\/p>\n<p class=\"\" data-start=\"1521\" data-end=\"2029\">Una deliciosa mezcla de sabores que te encantar\u00e1: dulce suave con un toque de chili en chips de pl\u00e1tano natural, todo en una c\u00f3moda <strong data-start=\"1653\" data-end=\"1692\">presentaci\u00f3n en tarro de 450 gramos<\/strong>. Nuestros <strong data-start=\"1703\" data-end=\"1718\">Sweet Chili<\/strong> est\u00e1n hechos con pl\u00e1tano ecuatoriano de alta calidad, fritos de manera artesanal y sin aditivos artificiales. Son ideales para quienes buscan un snack diferente, sabroso y con el balance justo entre lo dulce y lo picante.<\/p>\n<p class=\"\" data-start=\"1521\" data-end=\"2029\">El tarro ayuda a conservar la textura crocante y facilita el consumo a lo largo del d\u00eda.<\/p>\n<p data-start=\"1521\" data-end=\"2029\"><img fetchpriority=\"high\" decoding=\"async\" class=\"alignnone size-medium wp-image-15620\" role=\"img\" src=\"https:\/\/www.tortis-snacks.com\/wp-content\/uploads\/2025\/03\/vegan-tortis.svg\" alt=\"\" width=\"400\" height=\"300\" \/><\/p>\n","protected":false},"featured_media":15633,"comment_status":"open","ping_status":"closed","template":"","meta":[],"product_brand":[],"product_cat":[81,22],"product_tag":[],"class_list":{"0":"post-15655","1":"product","2":"type-product","3":"status-publish","4":"has-post-thumbnail","6":"product_cat-bulks","7":"product_cat-plantain-chips","9":"first","10":"instock","11":"shipping-taxable","12":"purchasable","13":"product-type-simple"},"_links":{"self":[{"href":"https:\/\/www.tortis-snacks.com\/index.php?rest_route=\/wp\/v2\/product\/15655","targetHints":{"allow":["GET"]}}],"collection":[{"href":"https:\/\/www.tortis-snacks.com\/index.php?rest_route=\/wp\/v2\/product"}],"about":[{"href":"https:\/\/www.tortis-snacks.com\/index.php?rest_route=\/wp\/v2\/types\/product"}],"replies":[{"embeddable":true,"href":"https:\/\/www.tortis-snacks.com\/index.php?rest_route=%2Fwp%2Fv2%2Fcomments&post=15655"}],"version-history":[{"count":1,"href":"https:\/\/www.tortis-snacks.com\/index.php?rest_route=\/wp\/v2\/product\/15655\/revisions"}],"predecessor-version":[{"id":15656,"href":"https:\/\/www.tortis-snacks.com\/index.php?rest_route=\/wp\/v2\/product\/15655\/revisions\/15656"}],"wp:featuredmedia":[{"embeddable":true,"href":"https:\/\/www.tortis-snacks.com\/index.php?rest_route=\/wp\/v2\/media\/15633"}],"wp:attachment":[{"href":"https:\/\/www.tortis-snacks.com\/index.php?rest_route=%2Fwp%2Fv2%2Fmedia&parent=15655"}],"wp:term":[{"taxonomy":"product_brand","embeddable":true,"href":"https:\/\/www.tortis-snacks.com\/index.php?rest_route=%2Fwp%2Fv2%2Fproduct_brand&post=15655"},{"taxonomy":"product_cat","embeddable":true,"href":"https:\/\/www.tortis-snacks.com\/index.php?rest_route=%2Fwp%2Fv2%2Fproduct_cat&post=15655"},{"taxonomy":"product_tag","embeddable":true,"href":"https:\/\/www.tortis-snacks.com\/index.php?rest_route=%2Fwp%2Fv2%2Fproduct_tag&post=15655"}],"curies":[{"name":"wp","href":"https:\/\/api.w.org\/{rel}","templated":true}]}}