{"id":15657,"date":"2025-03-25T18:37:58","date_gmt":"2025-03-25T18:37:58","guid":{"rendered":"https:\/\/www.tortis-snacks.com\/?post_type=product&#038;p=15657"},"modified":"2025-03-25T18:59:06","modified_gmt":"2025-03-25T18:59:06","slug":"jar-naturally-sweet-maduros","status":"publish","type":"product","link":"https:\/\/www.tortis-snacks.com\/?product=jar-naturally-sweet-maduros","title":{"rendered":"Jar Naturally Sweet Maduros"},"content":{"rendered":"","protected":false},"excerpt":{"rendered":"<p><strong>Peso:<\/strong>\u00a0450 g<\/p>\n<p class=\"\" data-start=\"2116\" data-end=\"2599\">Hechos con pl\u00e1tanos maduros seleccionados y madurados de forma natural, nuestros <strong data-start=\"2197\" data-end=\"2240\">chips Naturally Sweet en tarro de 450 g<\/strong> ofrecen una experiencia de sabor dulce y aut\u00e9ntico. No contienen az\u00facar a\u00f1adida ni conservantes, solo el sabor natural del pl\u00e1tano maduro frito hasta lograr una textura crujiente y dorada. Esta presentaci\u00f3n es perfecta para tener en casa, en la oficina o llevar de viaje.<\/p>\n<p class=\"\" data-start=\"2116\" data-end=\"2599\">Adem\u00e1s, el tarro conserva la frescura y permite dosificar el consumo sin perder sabor.<\/p>\n<p data-start=\"2116\" data-end=\"2599\"><img fetchpriority=\"high\" decoding=\"async\" class=\"alignnone size-medium wp-image-15620\" role=\"img\" src=\"https:\/\/www.tortis-snacks.com\/wp-content\/uploads\/2025\/03\/vegan-tortis.svg\" alt=\"\" width=\"400\" height=\"300\" \/><\/p>\n","protected":false},"featured_media":15622,"comment_status":"open","ping_status":"closed","template":"","meta":[],"product_brand":[],"product_cat":[81,22],"product_tag":[],"class_list":{"0":"post-15657","1":"product","2":"type-product","3":"status-publish","4":"has-post-thumbnail","6":"product_cat-bulks","7":"product_cat-plantain-chips","9":"first","10":"instock","11":"shipping-taxable","12":"purchasable","13":"product-type-simple"},"_links":{"self":[{"href":"https:\/\/www.tortis-snacks.com\/index.php?rest_route=\/wp\/v2\/product\/15657","targetHints":{"allow":["GET"]}}],"collection":[{"href":"https:\/\/www.tortis-snacks.com\/index.php?rest_route=\/wp\/v2\/product"}],"about":[{"href":"https:\/\/www.tortis-snacks.com\/index.php?rest_route=\/wp\/v2\/types\/product"}],"replies":[{"embeddable":true,"href":"https:\/\/www.tortis-snacks.com\/index.php?rest_route=%2Fwp%2Fv2%2Fcomments&post=15657"}],"version-history":[{"count":1,"href":"https:\/\/www.tortis-snacks.com\/index.php?rest_route=\/wp\/v2\/product\/15657\/revisions"}],"predecessor-version":[{"id":15658,"href":"https:\/\/www.tortis-snacks.com\/index.php?rest_route=\/wp\/v2\/product\/15657\/revisions\/15658"}],"wp:featuredmedia":[{"embeddable":true,"href":"https:\/\/www.tortis-snacks.com\/index.php?rest_route=\/wp\/v2\/media\/15622"}],"wp:attachment":[{"href":"https:\/\/www.tortis-snacks.com\/index.php?rest_route=%2Fwp%2Fv2%2Fmedia&parent=15657"}],"wp:term":[{"taxonomy":"product_brand","embeddable":true,"href":"https:\/\/www.tortis-snacks.com\/index.php?rest_route=%2Fwp%2Fv2%2Fproduct_brand&post=15657"},{"taxonomy":"product_cat","embeddable":true,"href":"https:\/\/www.tortis-snacks.com\/index.php?rest_route=%2Fwp%2Fv2%2Fproduct_cat&post=15657"},{"taxonomy":"product_tag","embeddable":true,"href":"https:\/\/www.tortis-snacks.com\/index.php?rest_route=%2Fwp%2Fv2%2Fproduct_tag&post=15657"}],"curies":[{"name":"wp","href":"https:\/\/api.w.org\/{rel}","templated":true}]}}