{"id":15659,"date":"2025-03-25T18:38:47","date_gmt":"2025-03-25T18:38:47","guid":{"rendered":"https:\/\/www.tortis-snacks.com\/?post_type=product&#038;p=15659"},"modified":"2025-03-25T18:58:56","modified_gmt":"2025-03-25T18:58:56","slug":"jar-lemon","status":"publish","type":"product","link":"https:\/\/www.tortis-snacks.com\/?product=jar-lemon","title":{"rendered":"Jar Lemon"},"content":{"rendered":"","protected":false},"excerpt":{"rendered":"<p><strong>Peso:<\/strong>\u00a0450 g<\/p>\n<p class=\"\" data-start=\"2688\" data-end=\"3145\">Refresca tus momentos con el sabor \u00e1cido y tropical de nuestros <strong data-start=\"2752\" data-end=\"2818\">chips de pl\u00e1tano sabor lim\u00f3n en presentaci\u00f3n de tarro de 450 g<\/strong>. Elaborados con pl\u00e1tano verde ecuatoriano y un toque de lim\u00f3n natural, son ideales para quienes aman los sabores c\u00edtricos. Sin gluten, sin colesterol y 100% naturales, estos chips son una opci\u00f3n divertida, saludable y diferente.<\/p>\n<p class=\"\" data-start=\"2688\" data-end=\"3145\">El tarro mantiene el producto crujiente y fresco, ideal para compartir o tener como snack diario.<\/p>\n<p data-start=\"2688\" data-end=\"3145\"><img fetchpriority=\"high\" decoding=\"async\" class=\"alignnone size-medium wp-image-15620\" role=\"img\" src=\"https:\/\/www.tortis-snacks.com\/wp-content\/uploads\/2025\/03\/vegan-tortis.svg\" alt=\"\" width=\"400\" height=\"300\" \/><\/p>\n","protected":false},"featured_media":15629,"comment_status":"open","ping_status":"closed","template":"","meta":[],"product_brand":[],"product_cat":[81,22],"product_tag":[],"class_list":{"0":"post-15659","1":"product","2":"type-product","3":"status-publish","4":"has-post-thumbnail","6":"product_cat-bulks","7":"product_cat-plantain-chips","9":"first","10":"instock","11":"shipping-taxable","12":"purchasable","13":"product-type-simple"},"_links":{"self":[{"href":"https:\/\/www.tortis-snacks.com\/index.php?rest_route=\/wp\/v2\/product\/15659","targetHints":{"allow":["GET"]}}],"collection":[{"href":"https:\/\/www.tortis-snacks.com\/index.php?rest_route=\/wp\/v2\/product"}],"about":[{"href":"https:\/\/www.tortis-snacks.com\/index.php?rest_route=\/wp\/v2\/types\/product"}],"replies":[{"embeddable":true,"href":"https:\/\/www.tortis-snacks.com\/index.php?rest_route=%2Fwp%2Fv2%2Fcomments&post=15659"}],"version-history":[{"count":1,"href":"https:\/\/www.tortis-snacks.com\/index.php?rest_route=\/wp\/v2\/product\/15659\/revisions"}],"predecessor-version":[{"id":15660,"href":"https:\/\/www.tortis-snacks.com\/index.php?rest_route=\/wp\/v2\/product\/15659\/revisions\/15660"}],"wp:featuredmedia":[{"embeddable":true,"href":"https:\/\/www.tortis-snacks.com\/index.php?rest_route=\/wp\/v2\/media\/15629"}],"wp:attachment":[{"href":"https:\/\/www.tortis-snacks.com\/index.php?rest_route=%2Fwp%2Fv2%2Fmedia&parent=15659"}],"wp:term":[{"taxonomy":"product_brand","embeddable":true,"href":"https:\/\/www.tortis-snacks.com\/index.php?rest_route=%2Fwp%2Fv2%2Fproduct_brand&post=15659"},{"taxonomy":"product_cat","embeddable":true,"href":"https:\/\/www.tortis-snacks.com\/index.php?rest_route=%2Fwp%2Fv2%2Fproduct_cat&post=15659"},{"taxonomy":"product_tag","embeddable":true,"href":"https:\/\/www.tortis-snacks.com\/index.php?rest_route=%2Fwp%2Fv2%2Fproduct_tag&post=15659"}],"curies":[{"name":"wp","href":"https:\/\/api.w.org\/{rel}","templated":true}]}}